{"id":2015,"date":"2017-07-17T14:38:00","date_gmt":"2017-07-17T12:38:00","guid":{"rendered":"http:\/\/www.freude-am-wohnen.at\/gelly\/?page_id=2015"},"modified":"2022-03-07T14:05:46","modified_gmt":"2022-03-07T13:05:46","slug":"laschenbestellung","status":"publish","type":"page","link":"https:\/\/www.freude-am-wohnen.at\/gelly\/laschenbestellung\/","title":{"rendered":"Laschenbestellung"},"content":{"rendered":"<div id='gallery-1' class='gallery galleryid-2015 gallery-columns-3 gallery-size-large'><dl class='gallery-item'>\n\t\t\t<dt class='gallery-icon portrait'>\n\t\t\t\t<img width=\"620\" height=\"863\" src=\"https:\/\/www.freude-am-wohnen.at\/gelly\/wp-content\/uploads\/2017\/07\/G001-Margeriten-736x1024.jpg\" class=\"attachment-large size-large\" alt=\"\" loading=\"lazy\" aria-describedby=\"gallery-1-2900\" srcset=\"https:\/\/www.freude-am-wohnen.at\/gelly\/wp-content\/uploads\/2017\/07\/G001-Margeriten-736x1024.jpg 736w, https:\/\/www.freude-am-wohnen.at\/gelly\/wp-content\/uploads\/2017\/07\/G001-Margeriten-216x300.jpg 216w, https:\/\/www.freude-am-wohnen.at\/gelly\/wp-content\/uploads\/2017\/07\/G001-Margeriten-768x1069.jpg 768w, https:\/\/www.freude-am-wohnen.at\/gelly\/wp-content\/uploads\/2017\/07\/G001-Margeriten.jpg 1358w\" sizes=\"(max-width: 620px) 100vw, 620px\" \/>\n\t\t\t<\/dt>\n\t\t\t\t<dd class='wp-caption-text gallery-caption' id='gallery-1-2900'>\n\t\t\t\tG001 Margeriten\n\t\t\t\t<\/dd><\/dl><dl class='gallery-item'>\n\t\t\t<dt class='gallery-icon landscape'>\n\t\t\t\t<img width=\"288\" height=\"285\" src=\"https:\/\/www.freude-am-wohnen.at\/gelly\/wp-content\/uploads\/2017\/07\/G002-Steinm\u00e4nnchen-mini-1.jpg\" class=\"attachment-large size-large\" alt=\"\" loading=\"lazy\" aria-describedby=\"gallery-1-2901\" \/>\n\t\t\t<\/dt>\n\t\t\t\t<dd class='wp-caption-text gallery-caption' id='gallery-1-2901'>\n\t\t\t\tG002 Steinm\u00e4nnchen\n\t\t\t\t<\/dd><\/dl><dl class='gallery-item'>\n\t\t\t<dt class='gallery-icon portrait'>\n\t\t\t\t<img width=\"309\" height=\"428\" src=\"https:\/\/www.freude-am-wohnen.at\/gelly\/wp-content\/uploads\/2017\/07\/G003-Strand-Hoch.jpg\" class=\"attachment-large size-large\" alt=\"\" loading=\"lazy\" aria-describedby=\"gallery-1-2902\" srcset=\"https:\/\/www.freude-am-wohnen.at\/gelly\/wp-content\/uploads\/2017\/07\/G003-Strand-Hoch.jpg 309w, https:\/\/www.freude-am-wohnen.at\/gelly\/wp-content\/uploads\/2017\/07\/G003-Strand-Hoch-217x300.jpg 217w\" sizes=\"(max-width: 309px) 100vw, 309px\" \/>\n\t\t\t<\/dt>\n\t\t\t\t<dd class='wp-caption-text gallery-caption' id='gallery-1-2902'>\n\t\t\t\tG003 Strand\n\t\t\t\t<\/dd><\/dl><br style=\"clear: both\" \/><dl class='gallery-item'>\n\t\t\t<dt class='gallery-icon landscape'>\n\t\t\t\t<img width=\"236\" height=\"236\" src=\"https:\/\/www.freude-am-wohnen.at\/gelly\/wp-content\/uploads\/2017\/07\/G004-Rose-mini.jpg\" class=\"attachment-large size-large\" alt=\"\" loading=\"lazy\" aria-describedby=\"gallery-1-2903\" srcset=\"https:\/\/www.freude-am-wohnen.at\/gelly\/wp-content\/uploads\/2017\/07\/G004-Rose-mini.jpg 236w, https:\/\/www.freude-am-wohnen.at\/gelly\/wp-content\/uploads\/2017\/07\/G004-Rose-mini-150x150.jpg 150w\" sizes=\"(max-width: 236px) 100vw, 236px\" \/>\n\t\t\t<\/dt>\n\t\t\t\t<dd class='wp-caption-text gallery-caption' id='gallery-1-2903'>\n\t\t\t\tG004 Rose\n\t\t\t\t<\/dd><\/dl><dl class='gallery-item'>\n\t\t\t<dt class='gallery-icon portrait'>\n\t\t\t\t<img width=\"341\" height=\"471\" src=\"https:\/\/www.freude-am-wohnen.at\/gelly\/wp-content\/uploads\/2018\/01\/G005-Abendhimmel-hoch.jpg\" class=\"attachment-large size-large\" alt=\"\" loading=\"lazy\" aria-describedby=\"gallery-1-3812\" srcset=\"https:\/\/www.freude-am-wohnen.at\/gelly\/wp-content\/uploads\/2018\/01\/G005-Abendhimmel-hoch.jpg 341w, https:\/\/www.freude-am-wohnen.at\/gelly\/wp-content\/uploads\/2018\/01\/G005-Abendhimmel-hoch-217x300.jpg 217w\" sizes=\"(max-width: 341px) 100vw, 341px\" \/>\n\t\t\t<\/dt>\n\t\t\t\t<dd class='wp-caption-text gallery-caption' id='gallery-1-3812'>\n\t\t\t\tG005 Abendhimmel\n\t\t\t\t<\/dd><\/dl><dl class='gallery-item'>\n\t\t\t<dt class='gallery-icon portrait'>\n\t\t\t\t<img width=\"335\" height=\"463\" src=\"https:\/\/www.freude-am-wohnen.at\/gelly\/wp-content\/uploads\/2017\/07\/G006-Dachstein-hoch-hoch.jpg\" class=\"attachment-large size-large\" alt=\"\" loading=\"lazy\" aria-describedby=\"gallery-1-2905\" srcset=\"https:\/\/www.freude-am-wohnen.at\/gelly\/wp-content\/uploads\/2017\/07\/G006-Dachstein-hoch-hoch.jpg 335w, https:\/\/www.freude-am-wohnen.at\/gelly\/wp-content\/uploads\/2017\/07\/G006-Dachstein-hoch-hoch-217x300.jpg 217w\" sizes=\"(max-width: 335px) 100vw, 335px\" \/>\n\t\t\t<\/dt>\n\t\t\t\t<dd class='wp-caption-text gallery-caption' id='gallery-1-2905'>\n\t\t\t\tG006 Dachstein\n\t\t\t\t<\/dd><\/dl><br style=\"clear: both\" \/><dl class='gallery-item'>\n\t\t\t<dt class='gallery-icon portrait'>\n\t\t\t\t<img width=\"326\" height=\"445\" src=\"https:\/\/www.freude-am-wohnen.at\/gelly\/wp-content\/uploads\/2017\/07\/G007-Erde-Wasser-hoch-hoch.jpg\" class=\"attachment-large size-large\" alt=\"\" loading=\"lazy\" aria-describedby=\"gallery-1-2906\" srcset=\"https:\/\/www.freude-am-wohnen.at\/gelly\/wp-content\/uploads\/2017\/07\/G007-Erde-Wasser-hoch-hoch.jpg 326w, https:\/\/www.freude-am-wohnen.at\/gelly\/wp-content\/uploads\/2017\/07\/G007-Erde-Wasser-hoch-hoch-220x300.jpg 220w\" sizes=\"(max-width: 326px) 100vw, 326px\" \/>\n\t\t\t<\/dt>\n\t\t\t\t<dd class='wp-caption-text gallery-caption' id='gallery-1-2906'>\n\t\t\t\tG007 Erde Wasser Luft\n\t\t\t\t<\/dd><\/dl><dl class='gallery-item'>\n\t\t\t<dt class='gallery-icon landscape'>\n\t\t\t\t<img width=\"620\" height=\"618\" src=\"https:\/\/www.freude-am-wohnen.at\/gelly\/wp-content\/uploads\/2017\/07\/G008-Edelwei\u00df-Mini.png\" class=\"attachment-large size-large\" alt=\"\" loading=\"lazy\" aria-describedby=\"gallery-1-2907\" srcset=\"https:\/\/www.freude-am-wohnen.at\/gelly\/wp-content\/uploads\/2017\/07\/G008-Edelwei\u00df-Mini.png 748w, https:\/\/www.freude-am-wohnen.at\/gelly\/wp-content\/uploads\/2017\/07\/G008-Edelwei\u00df-Mini-150x150.png 150w, https:\/\/www.freude-am-wohnen.at\/gelly\/wp-content\/uploads\/2017\/07\/G008-Edelwei\u00df-Mini-300x300.png 300w\" sizes=\"(max-width: 620px) 100vw, 620px\" \/>\n\t\t\t<\/dt>\n\t\t\t\t<dd class='wp-caption-text gallery-caption' id='gallery-1-2907'>\n\t\t\t\tG008 Edelwei\u00df\n\t\t\t\t<\/dd><\/dl><dl class='gallery-item'>\n\t\t\t<dt class='gallery-icon portrait'>\n\t\t\t\t<img width=\"532\" height=\"746\" src=\"https:\/\/www.freude-am-wohnen.at\/gelly\/wp-content\/uploads\/2017\/11\/G009-Trauben-Hoch.png\" class=\"attachment-large size-large\" alt=\"\" loading=\"lazy\" aria-describedby=\"gallery-1-3326\" srcset=\"https:\/\/www.freude-am-wohnen.at\/gelly\/wp-content\/uploads\/2017\/11\/G009-Trauben-Hoch.png 532w, https:\/\/www.freude-am-wohnen.at\/gelly\/wp-content\/uploads\/2017\/11\/G009-Trauben-Hoch-214x300.png 214w\" sizes=\"(max-width: 532px) 100vw, 532px\" \/>\n\t\t\t<\/dt>\n\t\t\t\t<dd class='wp-caption-text gallery-caption' id='gallery-1-3326'>\n\t\t\t\tG009 Trauben\n\t\t\t\t<\/dd><\/dl><br style=\"clear: both\" \/><dl class='gallery-item'>\n\t\t\t<dt class='gallery-icon portrait'>\n\t\t\t\t<img width=\"620\" height=\"827\" src=\"https:\/\/www.freude-am-wohnen.at\/gelly\/wp-content\/uploads\/2017\/07\/G010-\u00c4hren-768x1024.jpg\" class=\"attachment-large size-large\" alt=\"\" loading=\"lazy\" aria-describedby=\"gallery-1-2909\" srcset=\"https:\/\/www.freude-am-wohnen.at\/gelly\/wp-content\/uploads\/2017\/07\/G010-\u00c4hren-768x1024.jpg 768w, https:\/\/www.freude-am-wohnen.at\/gelly\/wp-content\/uploads\/2017\/07\/G010-\u00c4hren-225x300.jpg 225w\" sizes=\"(max-width: 620px) 100vw, 620px\" \/>\n\t\t\t<\/dt>\n\t\t\t\t<dd class='wp-caption-text gallery-caption' id='gallery-1-2909'>\n\t\t\t\tG010 \u00c4hren\n\t\t\t\t<\/dd><\/dl><dl class='gallery-item'>\n\t\t\t<dt class='gallery-icon portrait'>\n\t\t\t\t<img width=\"620\" height=\"862\" src=\"https:\/\/www.freude-am-wohnen.at\/gelly\/wp-content\/uploads\/2018\/01\/G011-Herbsthimmel-hoch.jpg\" class=\"attachment-large size-large\" alt=\"\" loading=\"lazy\" aria-describedby=\"gallery-1-3813\" srcset=\"https:\/\/www.freude-am-wohnen.at\/gelly\/wp-content\/uploads\/2018\/01\/G011-Herbsthimmel-hoch.jpg 652w, https:\/\/www.freude-am-wohnen.at\/gelly\/wp-content\/uploads\/2018\/01\/G011-Herbsthimmel-hoch-216x300.jpg 216w\" sizes=\"(max-width: 620px) 100vw, 620px\" \/>\n\t\t\t<\/dt>\n\t\t\t\t<dd class='wp-caption-text gallery-caption' id='gallery-1-3813'>\n\t\t\t\tG011 Herbsthimmel\n\t\t\t\t<\/dd><\/dl><dl class='gallery-item'>\n\t\t\t<dt class='gallery-icon portrait'>\n\t\t\t\t<img width=\"620\" height=\"827\" src=\"https:\/\/www.freude-am-wohnen.at\/gelly\/wp-content\/uploads\/2018\/01\/G012-Herbstfr\u00fcchte-768x1024.jpg\" class=\"attachment-large size-large\" alt=\"\" loading=\"lazy\" aria-describedby=\"gallery-1-3814\" srcset=\"https:\/\/www.freude-am-wohnen.at\/gelly\/wp-content\/uploads\/2018\/01\/G012-Herbstfr\u00fcchte-768x1024.jpg 768w, https:\/\/www.freude-am-wohnen.at\/gelly\/wp-content\/uploads\/2018\/01\/G012-Herbstfr\u00fcchte-225x300.jpg 225w\" sizes=\"(max-width: 620px) 100vw, 620px\" \/>\n\t\t\t<\/dt>\n\t\t\t\t<dd class='wp-caption-text gallery-caption' id='gallery-1-3814'>\n\t\t\t\tG012 Herbstfr\u00fcchte\n\t\t\t\t<\/dd><\/dl><br style=\"clear: both\" \/><dl class='gallery-item'>\n\t\t\t<dt class='gallery-icon landscape'>\n\t\t\t\t<img width=\"620\" height=\"620\" src=\"https:\/\/www.freude-am-wohnen.at\/gelly\/wp-content\/uploads\/2017\/11\/G013-Baumwurzel-Mini-1024x1024.jpg\" class=\"attachment-large size-large\" alt=\"\" loading=\"lazy\" aria-describedby=\"gallery-1-3323\" srcset=\"https:\/\/www.freude-am-wohnen.at\/gelly\/wp-content\/uploads\/2017\/11\/G013-Baumwurzel-Mini-1024x1024.jpg 1024w, https:\/\/www.freude-am-wohnen.at\/gelly\/wp-content\/uploads\/2017\/11\/G013-Baumwurzel-Mini-150x150.jpg 150w, https:\/\/www.freude-am-wohnen.at\/gelly\/wp-content\/uploads\/2017\/11\/G013-Baumwurzel-Mini-300x300.jpg 300w, https:\/\/www.freude-am-wohnen.at\/gelly\/wp-content\/uploads\/2017\/11\/G013-Baumwurzel-Mini-768x768.jpg 768w\" sizes=\"(max-width: 620px) 100vw, 620px\" \/>\n\t\t\t<\/dt>\n\t\t\t\t<dd class='wp-caption-text gallery-caption' id='gallery-1-3323'>\n\t\t\t\tG013 Baumwurzel\n\t\t\t\t<\/dd><\/dl><dl class='gallery-item'>\n\t\t\t<dt class='gallery-icon landscape'>\n\t\t\t\t<img width=\"620\" height=\"620\" src=\"https:\/\/www.freude-am-wohnen.at\/gelly\/wp-content\/uploads\/2018\/03\/G014-Sunset-mini-1024x1024.jpg\" class=\"attachment-large size-large\" alt=\"\" loading=\"lazy\" aria-describedby=\"gallery-1-4313\" srcset=\"https:\/\/www.freude-am-wohnen.at\/gelly\/wp-content\/uploads\/2018\/03\/G014-Sunset-mini-1024x1024.jpg 1024w, https:\/\/www.freude-am-wohnen.at\/gelly\/wp-content\/uploads\/2018\/03\/G014-Sunset-mini-150x150.jpg 150w, https:\/\/www.freude-am-wohnen.at\/gelly\/wp-content\/uploads\/2018\/03\/G014-Sunset-mini-300x300.jpg 300w, https:\/\/www.freude-am-wohnen.at\/gelly\/wp-content\/uploads\/2018\/03\/G014-Sunset-mini-768x768.jpg 768w, https:\/\/www.freude-am-wohnen.at\/gelly\/wp-content\/uploads\/2018\/03\/G014-Sunset-mini.jpg 1811w\" sizes=\"(max-width: 620px) 100vw, 620px\" \/>\n\t\t\t<\/dt>\n\t\t\t\t<dd class='wp-caption-text gallery-caption' id='gallery-1-4313'>\n\t\t\t\tG014 Sunset\n\t\t\t\t<\/dd><\/dl><dl class='gallery-item'>\n\t\t\t<dt class='gallery-icon portrait'>\n\t\t\t\t<img width=\"620\" height=\"827\" src=\"https:\/\/www.freude-am-wohnen.at\/gelly\/wp-content\/uploads\/2018\/02\/2017-07-13-20.25.13-768x1024.jpg\" class=\"attachment-large size-large\" alt=\"\" loading=\"lazy\" aria-describedby=\"gallery-1-4060\" srcset=\"https:\/\/www.freude-am-wohnen.at\/gelly\/wp-content\/uploads\/2018\/02\/2017-07-13-20.25.13-768x1024.jpg 768w, https:\/\/www.freude-am-wohnen.at\/gelly\/wp-content\/uploads\/2018\/02\/2017-07-13-20.25.13-225x300.jpg 225w\" sizes=\"(max-width: 620px) 100vw, 620px\" \/>\n\t\t\t<\/dt>\n\t\t\t\t<dd class='wp-caption-text gallery-caption' id='gallery-1-4060'>\n\t\t\t\tG015 Fruits\n\t\t\t\t<\/dd><\/dl><br style=\"clear: both\" \/><dl class='gallery-item'>\n\t\t\t<dt class='gallery-icon portrait'>\n\t\t\t\t<img width=\"620\" height=\"827\" src=\"https:\/\/www.freude-am-wohnen.at\/gelly\/wp-content\/uploads\/2018\/02\/2017-03-05-12.06.34-768x1024.jpg\" class=\"attachment-large size-large\" alt=\"\" loading=\"lazy\" aria-describedby=\"gallery-1-4137\" srcset=\"https:\/\/www.freude-am-wohnen.at\/gelly\/wp-content\/uploads\/2018\/02\/2017-03-05-12.06.34-768x1024.jpg 768w, https:\/\/www.freude-am-wohnen.at\/gelly\/wp-content\/uploads\/2018\/02\/2017-03-05-12.06.34-225x300.jpg 225w\" sizes=\"(max-width: 620px) 100vw, 620px\" \/>\n\t\t\t<\/dt>\n\t\t\t\t<dd class='wp-caption-text gallery-caption' id='gallery-1-4137'>\n\t\t\t\tG016 Schneegl\u00f6ckchen\n\t\t\t\t<\/dd><\/dl><dl class='gallery-item'>\n\t\t\t<dt class='gallery-icon portrait'>\n\t\t\t\t<img width=\"620\" height=\"827\" src=\"https:\/\/www.freude-am-wohnen.at\/gelly\/wp-content\/uploads\/2018\/10\/2018-10-19-18.29.40-768x1024.jpg\" class=\"attachment-large size-large\" alt=\"\" loading=\"lazy\" aria-describedby=\"gallery-1-5441\" srcset=\"https:\/\/www.freude-am-wohnen.at\/gelly\/wp-content\/uploads\/2018\/10\/2018-10-19-18.29.40-768x1024.jpg 768w, https:\/\/www.freude-am-wohnen.at\/gelly\/wp-content\/uploads\/2018\/10\/2018-10-19-18.29.40-225x300.jpg 225w\" sizes=\"(max-width: 620px) 100vw, 620px\" \/>\n\t\t\t<\/dt>\n\t\t\t\t<dd class='wp-caption-text gallery-caption' id='gallery-1-5441'>\n\t\t\t\tG017 &#8222;50&#8220;\n\t\t\t\t<\/dd><\/dl>\n\t\t\t<br style='clear: both' \/>\n\t\t<\/div>\n\n<p>&nbsp;<\/p>\n<div role=\"form\" class=\"wpcf7\" id=\"wpcf7-f2020-o1\" lang=\"de-DE\" dir=\"ltr\">\n<div class=\"screen-reader-response\"><p role=\"status\" aria-live=\"polite\" aria-atomic=\"true\"><\/p> <ul><\/ul><\/div>\n<form action=\"\/gelly\/wp-json\/wp\/v2\/pages\/2015#wpcf7-f2020-o1\" method=\"post\" class=\"wpcf7-form init\" novalidate=\"novalidate\" data-status=\"init\">\n<div style=\"display: none;\">\n<input type=\"hidden\" name=\"_wpcf7\" value=\"2020\" \/>\n<input type=\"hidden\" name=\"_wpcf7_version\" value=\"5.4.2\" \/>\n<input type=\"hidden\" name=\"_wpcf7_locale\" value=\"de_DE\" \/>\n<input type=\"hidden\" name=\"_wpcf7_unit_tag\" value=\"wpcf7-f2020-o1\" \/>\n<input type=\"hidden\" name=\"_wpcf7_container_post\" value=\"0\" \/>\n<input type=\"hidden\" name=\"_wpcf7_posted_data_hash\" value=\"\" \/>\n<input type=\"hidden\" name=\"_wpcf7cf_hidden_group_fields\" value=\"\" \/>\n<input type=\"hidden\" name=\"_wpcf7cf_hidden_groups\" value=\"\" \/>\n<input type=\"hidden\" name=\"_wpcf7cf_visible_groups\" value=\"\" \/>\n<input type=\"hidden\" name=\"_wpcf7cf_repeaters\" value=\"[]\" \/>\n<input type=\"hidden\" name=\"_wpcf7cf_steps\" value=\"{}\" \/>\n<input type=\"hidden\" name=\"_wpcf7cf_options\" value=\"{&quot;form_id&quot;:2020,&quot;conditions&quot;:[{&quot;and_rules&quot;:[{&quot;if_field&quot;:&quot;groesse&quot;,&quot;operator&quot;:&quot;equals&quot;,&quot;if_value&quot;:&quot;Hoch-hoch: \\u20ac 34,-&quot;}]}],&quot;settings&quot;:{&quot;animation&quot;:&quot;yes&quot;,&quot;animation_intime&quot;:200,&quot;animation_outtime&quot;:200,&quot;conditions_ui&quot;:&quot;normal&quot;,&quot;notice_dismissed&quot;:false}}\" \/>\n<\/div>\n<p>Gr\u00f6\u00dfe der Lasche<br \/>\n<span class=\"wpcf7-form-control-wrap groesse\"><span class=\"wpcf7-form-control wpcf7-radio\"><span class=\"wpcf7-list-item first\"><label><input type=\"radio\" name=\"groesse\" value=\"Backpack: \u20ac 34,-\" checked=\"checked\" \/><span class=\"wpcf7-list-item-label\">Backpack: \u20ac 34,-<\/span><\/label><\/span><span class=\"wpcf7-list-item\"><label><input type=\"radio\" name=\"groesse\" value=\"Hoch: \u20ac 34,-\" \/><span class=\"wpcf7-list-item-label\">Hoch: \u20ac 34,-<\/span><\/label><\/span><span class=\"wpcf7-list-item last\"><label><input type=\"radio\" name=\"groesse\" value=\"Mini: \u20ac 32,-\" \/><span class=\"wpcf7-list-item-label\">Mini: \u20ac 32,-<\/span><\/label><\/span><\/span><\/span><br \/>\n<br><br \/>\nMotiv<br \/>\n<span class=\"wpcf7-form-control-wrap lasche\"><span class=\"wpcf7-form-control wpcf7-radio\"><span class=\"wpcf7-list-item first\"><label><input type=\"radio\" name=\"lasche\" value=\"G001 Margeriten\" checked=\"checked\" \/><span class=\"wpcf7-list-item-label\">G001 Margeriten<\/span><\/label><\/span><span class=\"wpcf7-list-item\"><label><input type=\"radio\" name=\"lasche\" value=\"G002 Steinma\u0308nnchen\" \/><span class=\"wpcf7-list-item-label\">G002 Steinma\u0308nnchen<\/span><\/label><\/span><span class=\"wpcf7-list-item\"><label><input type=\"radio\" name=\"lasche\" value=\"G003 Strand\" \/><span class=\"wpcf7-list-item-label\">G003 Strand<\/span><\/label><\/span><span class=\"wpcf7-list-item\"><label><input type=\"radio\" name=\"lasche\" value=\"G004 Rose\" \/><span class=\"wpcf7-list-item-label\">G004 Rose<\/span><\/label><\/span><span class=\"wpcf7-list-item\"><label><input type=\"radio\" name=\"lasche\" value=\"G005 Abendhimmel\" \/><span class=\"wpcf7-list-item-label\">G005 Abendhimmel<\/span><\/label><\/span><span class=\"wpcf7-list-item\"><label><input type=\"radio\" name=\"lasche\" value=\"G006 Dachstein\" \/><span class=\"wpcf7-list-item-label\">G006 Dachstein<\/span><\/label><\/span><span class=\"wpcf7-list-item\"><label><input type=\"radio\" name=\"lasche\" value=\"G007 Erde, Wasser, Luft\" \/><span class=\"wpcf7-list-item-label\">G007 Erde, Wasser, Luft<\/span><\/label><\/span><span class=\"wpcf7-list-item\"><label><input type=\"radio\" name=\"lasche\" value=\"G008 Edelwei\u00df\" \/><span class=\"wpcf7-list-item-label\">G008 Edelwei\u00df<\/span><\/label><\/span><span class=\"wpcf7-list-item\"><label><input type=\"radio\" name=\"lasche\" value=\"G009 Trauben\" \/><span class=\"wpcf7-list-item-label\">G009 Trauben<\/span><\/label><\/span><span class=\"wpcf7-list-item\"><label><input type=\"radio\" name=\"lasche\" value=\"G010 \u00c4hren\" \/><span class=\"wpcf7-list-item-label\">G010 \u00c4hren<\/span><\/label><\/span><span class=\"wpcf7-list-item\"><label><input type=\"radio\" name=\"lasche\" value=\"G011 Herbsthimmel\" \/><span class=\"wpcf7-list-item-label\">G011 Herbsthimmel<\/span><\/label><\/span><span class=\"wpcf7-list-item\"><label><input type=\"radio\" name=\"lasche\" value=\"G012 Herbstfr\u00fcchte\" \/><span class=\"wpcf7-list-item-label\">G012 Herbstfr\u00fcchte<\/span><\/label><\/span><span class=\"wpcf7-list-item\"><label><input type=\"radio\" name=\"lasche\" value=\"G013 Baumwurzel\" \/><span class=\"wpcf7-list-item-label\">G013 Baumwurzel<\/span><\/label><\/span><span class=\"wpcf7-list-item\"><label><input type=\"radio\" name=\"lasche\" value=\"G014 Sunset\" \/><span class=\"wpcf7-list-item-label\">G014 Sunset<\/span><\/label><\/span><span class=\"wpcf7-list-item\"><label><input type=\"radio\" name=\"lasche\" value=\"G015 Fruits\" \/><span class=\"wpcf7-list-item-label\">G015 Fruits<\/span><\/label><\/span><span class=\"wpcf7-list-item\"><label><input type=\"radio\" name=\"lasche\" value=\"G016 Schneegl\u00f6ckchen\" \/><span class=\"wpcf7-list-item-label\">G016 Schneegl\u00f6ckchen<\/span><\/label><\/span><span class=\"wpcf7-list-item last\"><label><input type=\"radio\" name=\"lasche\" value=\"G017 50\" \/><span class=\"wpcf7-list-item-label\">G017 50<\/span><\/label><\/span><\/span><\/span><br \/>\n<br><br \/>\nEinfassung Lasche:<br \/>\n<span class=\"wpcf7-form-control-wrap einfassung\"><span class=\"wpcf7-form-control wpcf7-radio\"><span class=\"wpcf7-list-item first last\"><input type=\"radio\" name=\"einfassung\" value=\"schwarz\" checked=\"checked\" \/><span class=\"wpcf7-list-item-label\">schwarz<\/span><\/span><\/span><\/span><br \/>\n<br><br \/>\nAbholung<br \/>\n<span class=\"wpcf7-form-control-wrap abholung\"><span class=\"wpcf7-form-control wpcf7-radio\"><span class=\"wpcf7-list-item first\"><label><input type=\"radio\" name=\"abholung\" value=\"pers\u00f6nlich \u20ac 0,-\" checked=\"checked\" \/><span class=\"wpcf7-list-item-label\">pers\u00f6nlich \u20ac 0,-<\/span><\/label><\/span><span class=\"wpcf7-list-item\"><label><input type=\"radio\" name=\"abholung\" value=\"Versand \u00d6sterreich \u20ac 8,40\" \/><span class=\"wpcf7-list-item-label\">Versand \u00d6sterreich \u20ac 8,40<\/span><\/label><\/span><span class=\"wpcf7-list-item last\"><label><input type=\"radio\" name=\"abholung\" value=\"Versand Deutschland \u20ac 14,-\" \/><span class=\"wpcf7-list-item-label\">Versand Deutschland \u20ac 14,-<\/span><\/label><\/span><\/span><\/span><br \/>\n<br><br \/>\nMit dem Abschicken des Bestellformulars erh\u00e4ltst du ein Best\u00e4tigungsmail mit den Kontodaten, auf welches der Gesamtbetrag inkl. Versandkosten vorab zu \u00fcberweisen ist. Nach Einlangen der Zahlung wird deine gew\u00fcnschte Tasche und\/oder Lasche f\u00fcr dich angefertigt.<br \/>\n<br><br \/>\n<label> Vor- und Nachname *<br \/>\n    <span class=\"wpcf7-form-control-wrap your-name\"><input type=\"text\" name=\"your-name\" value=\"\" size=\"40\" class=\"wpcf7-form-control wpcf7-text wpcf7-validates-as-required\" aria-required=\"true\" aria-invalid=\"false\" \/><\/span> <\/label><\/p>\n<p><label> Stra\u00dfe, Hausnummer *<br \/>\n    <span class=\"wpcf7-form-control-wrap strasse\"><input type=\"text\" name=\"strasse\" value=\"\" size=\"40\" class=\"wpcf7-form-control wpcf7-text wpcf7-validates-as-required\" aria-required=\"true\" aria-invalid=\"false\" \/><\/span> <\/label><\/p>\n<p><label> PLZ, Ort *<br \/>\n    <span class=\"wpcf7-form-control-wrap ort\"><input type=\"text\" name=\"ort\" value=\"\" size=\"40\" class=\"wpcf7-form-control wpcf7-text wpcf7-validates-as-required\" aria-required=\"true\" aria-invalid=\"false\" \/><\/span> <\/label><\/p>\n<p><label> Land<br \/>\n    <span class=\"wpcf7-form-control-wrap land\"><select name=\"land\" class=\"wpcf7-form-control wpcf7-select wpcf7-validates-as-required\" aria-required=\"true\" aria-invalid=\"false\"><option value=\"\u00d6sterreich\">\u00d6sterreich<\/option><option value=\"Deutschland\">Deutschland<\/option><\/select><\/span> <\/label><br \/>\n<br><br \/>\n<label> Telefonnummer *<br \/>\n    <span class=\"wpcf7-form-control-wrap telefon\"><input type=\"text\" name=\"telefon\" value=\"\" size=\"40\" class=\"wpcf7-form-control wpcf7-text wpcf7-validates-as-required\" aria-required=\"true\" aria-invalid=\"false\" \/><\/span> <\/label><\/p>\n<p><label> E-Mail Adresse *<br \/>\n    <span class=\"wpcf7-form-control-wrap your-email\"><input type=\"email\" name=\"your-email\" value=\"\" size=\"40\" class=\"wpcf7-form-control wpcf7-text wpcf7-email wpcf7-validates-as-required wpcf7-validates-as-email\" aria-required=\"true\" aria-invalid=\"false\" \/><\/span> <\/label><\/p>\n<p><label> Anmerkungen<br \/>\n    <span class=\"wpcf7-form-control-wrap your-message\"><textarea name=\"your-message\" cols=\"40\" rows=\"10\" class=\"wpcf7-form-control wpcf7-textarea\" aria-invalid=\"false\"><\/textarea><\/span> <\/label><br \/>\n<br><br \/>\nEs gelten die <a href=\"http:\/\/www.geckobag.at\/shop\/shop_content.php?coID=3\" target=\"_blank\">Gescha\u0308ftsbedingungen von Geckobag<\/a>, Lieferzeit 14 Werktage plus Versand ab O\u0308sterreich, Preise inkl. MwSt.<br \/>\n<input type=\"submit\" value=\"Absenden\" class=\"wpcf7-form-control wpcf7-submit\" \/><\/p>\n<div class=\"wpcf7-response-output\" aria-hidden=\"true\"><\/div><\/form><\/div>\n<div class=\"shariff shariff-align-flex-start shariff-widget-align-flex-start\"><ul class=\"shariff-buttons theme-default orientation-horizontal buttonsize-small\"><li class=\"shariff-button facebook shariff-nocustomcolor\" style=\"background-color:#4273c8\"><a href=\"https:\/\/www.facebook.com\/sharer\/sharer.php?u=https%3A%2F%2Fwww.freude-am-wohnen.at%2Fgelly%2Flaschenbestellung%2F\" title=\"Bei Facebook teilen\" aria-label=\"Bei Facebook teilen\" role=\"button\" rel=\"nofollow\" class=\"shariff-link\" style=\"; background-color:#3b5998; color:#fff\" target=\"_blank\"><span class=\"shariff-icon\" style=\"\"><svg width=\"32px\" height=\"20px\" xmlns=\"http:\/\/www.w3.org\/2000\/svg\" viewBox=\"0 0 18 32\"><path fill=\"#3b5998\" d=\"M17.1 0.2v4.7h-2.8q-1.5 0-2.1 0.6t-0.5 1.9v3.4h5.2l-0.7 5.3h-4.5v13.6h-5.5v-13.6h-4.5v-5.3h4.5v-3.9q0-3.3 1.9-5.2t5-1.8q2.6 0 4.1 0.2z\"\/><\/svg><\/span><span class=\"shariff-text\">teilen<\/span>&nbsp;<\/a><\/li><\/ul><\/div>","protected":false},"excerpt":{"rendered":"<p>&nbsp;<\/p>\n","protected":false},"author":2,"featured_media":0,"parent":0,"menu_order":0,"comment_status":"closed","ping_status":"closed","template":"","meta":{"_mi_skip_tracking":false},"_links":{"self":[{"href":"https:\/\/www.freude-am-wohnen.at\/gelly\/wp-json\/wp\/v2\/pages\/2015"}],"collection":[{"href":"https:\/\/www.freude-am-wohnen.at\/gelly\/wp-json\/wp\/v2\/pages"}],"about":[{"href":"https:\/\/www.freude-am-wohnen.at\/gelly\/wp-json\/wp\/v2\/types\/page"}],"author":[{"embeddable":true,"href":"https:\/\/www.freude-am-wohnen.at\/gelly\/wp-json\/wp\/v2\/users\/2"}],"replies":[{"embeddable":true,"href":"https:\/\/www.freude-am-wohnen.at\/gelly\/wp-json\/wp\/v2\/comments?post=2015"}],"version-history":[{"count":28,"href":"https:\/\/www.freude-am-wohnen.at\/gelly\/wp-json\/wp\/v2\/pages\/2015\/revisions"}],"predecessor-version":[{"id":5442,"href":"https:\/\/www.freude-am-wohnen.at\/gelly\/wp-json\/wp\/v2\/pages\/2015\/revisions\/5442"}],"wp:attachment":[{"href":"https:\/\/www.freude-am-wohnen.at\/gelly\/wp-json\/wp\/v2\/media?parent=2015"}],"curies":[{"name":"wp","href":"https:\/\/api.w.org\/{rel}","templated":true}]}}