{"id":12,"date":"2016-05-20T22:21:54","date_gmt":"2016-05-20T20:21:54","guid":{"rendered":"http:\/\/www.freude-am-wohnen.at\/gelly\/?page_id=12"},"modified":"2017-12-22T10:46:03","modified_gmt":"2017-12-22T09:46:03","slug":"ueber-mich","status":"publish","type":"page","link":"https:\/\/www.freude-am-wohnen.at\/gelly\/ueber-mich\/","title":{"rendered":"\u00dcber Mich"},"content":{"rendered":"<p>Hallo,<\/p>\n<p>mein Name ist Angelika, manche nennen mich auch Gelly, Agi oder Geli. Nachdem ich bald 50 werde (mittlerweile schon 50+ bin) und bei der letzten Gesundenuntersuchung mein Cholesterin zu hoch war (232 mg\/dl), obwohl ich nicht \u00fcbergewichtig bin und eigentlich auch nicht zu viel Stress habe, beschloss ich, meinen Alltag zu \u00e4ndern. Mein Ziel war, in Zukunft\u00a0auf cholesterinreduzierende Medikamente zu verzichten.<\/p>\n<p>Weiters hatte ich einen ziemlich hohen Ruhepuls von 92 und laut meinem praktischen Arzt sollte ich\u00a0versuchen, diesen\u00a0zu senken, um ein eventuelles Herzinfarktrisiko zu minimieren. Mein Vorsatz war, einen Versuch zu starten, mehr Sport im Alltag zu betreiben,\u00a0meine Ern\u00e4hrung umzustellen und somit gesund und frei von t\u00e4glichen Medikamenten zu bleiben.<\/p>\n<p>Somit habe ich mir ab\u00a0Februar\u00a02016\u00a0selbst ein Fitness- und Ern\u00e4hrungsprogramm auferlegt. Das war nicht einfach,\u00a0erforderte viel Disziplin und auch Verst\u00e4ndnis der Menschen, mit denen ich mein Leben verbringe. Doch mit diesem neuen Lebensplan, gelang es mir innerhalb von 3 Monaten meinen Cholesterinwert auf 202 mg\/dl und meinen Ruhepuls auf 80 zu reduzieren.<\/p>\n<p>Der Nebeneffekt ist auch, dass ich nat\u00fcrlich einige Kilos\u00a0 abgenommen habe (eine Kleidergr\u00f6sse weniger),\u00a0sich mein beginnender Altersbauch &#8211; manche nennen diesen auch 50er Schwimmreifen &#8211; wieder zur\u00fcckgezogen hat und die ersten schlaffen Zonen wieder straffer sind.<\/p>\n<p>Ich war selbst sprachlos und \u00fcberrascht, dass nur eine einfache \u00c4nderung meiner Ern\u00e4hrung und t\u00e4gliche Bewegung innerhalb so kurzer Zeit eine solche positive Auswirkung haben, also habe ich beschlossen, diese Lebensweise weiter fortzusetzen und meine Erfahrungen mit Euch zu teilen.<\/p>\n<p>Ausserdem habe ich derzeit viele Menschen in meinem Bekanntenkreis, die ebenso mit diesen\u00a0\u00e4hnlichen Alters- oder Stresserscheinungen zu k\u00e4mpfen haben. Also bin ich davon \u00fcberzeugt, dass ich mit dieser Fragestellung und den Versuch der Kehrtwende nicht alleine bin.<\/p>\n<p>Manche entscheiden sich f\u00fcr Medikamente, Kur oder \u00e4hnliche \u00e4rztliche Hilfen, die in manchen F\u00e4llen sicher notwendig sind. Auch meinen neuen Lebensplan habe ich mit meinem praktischen Arzt\u00a0abgekl\u00e4rt und die Ergebnisse besprochen, um mich abzusichern, ob dieser Weg auch langfristig gesund ist.<\/p>\n<p>Ich m\u00f6chte mit Gellysblog Menschen unterst\u00fctzen und motivieren, die Verantwortung f\u00fcr ihre Gesundheit wieder selbst in die Hand zu nehmen und\u00a0Bewegungs- und Ern\u00e4hrungsideen anbieten, die man nicht nur im Urlaub, sondern auch im Alltag m\u00f6glich einfach umsetzen kann.<\/p>\n<p>Weiters ist es mir ein Anliegen, wieder weg aus unserem Raunzer- und Grantigkeitsalltag zu kommen. Es passieren mir und meinen Mitmenschen immer mehr unangenehme Begegnungen im Alltag. Die Zeit des Jammern und \u00c4rgerns ist gekommen, nur m\u00f6chte ich mich damit eigentlich nicht zufrieden geben.<\/p>\n<p>Muss das so bleiben oder k\u00f6nnen wir gemeinsam an einem freudigerem Umgang miteinander arbeiten? Mal sehen wie sich die Erlebnisse in meinem Society-Check Blog entwickeln.<\/p>\n<p>Ich w\u00fcnsche euch den Mut, etwas Neues auszuprobieren &#8211; ich f\u00fchle mich schon alleine dadurch wieder wacher, frischer und fitter &#8211;\u00a0und viel Freude mit euren\u00a0Erfahrungen und ein langes, gesundes Leben.<\/p>\n<p>Gelly<\/p>\n<p>Gellysblog<\/p>\n<p><img loading=\"lazy\" class=\"alignnone size-medium wp-image-97\" src=\"https:\/\/www.freude-am-wohnen.at\/gelly\/wp-content\/uploads\/2016\/05\/Sales-Meeting-2011-MBO-580-200x300.jpg\" alt=\"Sales Meeting 2011 MBO 580\" width=\"200\" height=\"300\" srcset=\"https:\/\/www.freude-am-wohnen.at\/gelly\/wp-content\/uploads\/2016\/05\/Sales-Meeting-2011-MBO-580-200x300.jpg 200w, https:\/\/www.freude-am-wohnen.at\/gelly\/wp-content\/uploads\/2016\/05\/Sales-Meeting-2011-MBO-580-768x1152.jpg 768w, https:\/\/www.freude-am-wohnen.at\/gelly\/wp-content\/uploads\/2016\/05\/Sales-Meeting-2011-MBO-580-682x1024.jpg 682w, https:\/\/www.freude-am-wohnen.at\/gelly\/wp-content\/uploads\/2016\/05\/Sales-Meeting-2011-MBO-580.jpg 853w\" sizes=\"(max-width: 200px) 100vw, 200px\" \/><\/p>\n<p>&nbsp;<\/p>\n<p>&nbsp;<\/p>\n<p>&nbsp;<\/p>\n<div class=\"shariff shariff-align-flex-start shariff-widget-align-flex-start\"><ul class=\"shariff-buttons theme-default orientation-horizontal buttonsize-small\"><li class=\"shariff-button facebook shariff-nocustomcolor\" style=\"background-color:#4273c8\"><a href=\"https:\/\/www.facebook.com\/sharer\/sharer.php?u=https%3A%2F%2Fwww.freude-am-wohnen.at%2Fgelly%2Fueber-mich%2F\" title=\"Bei Facebook teilen\" aria-label=\"Bei Facebook teilen\" role=\"button\" rel=\"nofollow\" class=\"shariff-link\" style=\"; background-color:#3b5998; color:#fff\" target=\"_blank\"><span class=\"shariff-icon\" style=\"\"><svg width=\"32px\" height=\"20px\" xmlns=\"http:\/\/www.w3.org\/2000\/svg\" viewBox=\"0 0 18 32\"><path fill=\"#3b5998\" d=\"M17.1 0.2v4.7h-2.8q-1.5 0-2.1 0.6t-0.5 1.9v3.4h5.2l-0.7 5.3h-4.5v13.6h-5.5v-13.6h-4.5v-5.3h4.5v-3.9q0-3.3 1.9-5.2t5-1.8q2.6 0 4.1 0.2z\"\/><\/svg><\/span><span class=\"shariff-text\">teilen<\/span>&nbsp;<\/a><\/li><\/ul><\/div>","protected":false},"excerpt":{"rendered":"<p>Hallo, mein Name ist Angelika, manche nennen mich auch Gelly, Agi oder Geli. Nachdem ich bald 50 werde (mittlerweile schon 50+ bin) und bei der letzten Gesundenuntersuchung mein Cholesterin zu hoch war (232 mg\/dl), obwohl ich nicht \u00fcbergewichtig bin und &hellip; <a href=\"https:\/\/www.freude-am-wohnen.at\/gelly\/ueber-mich\/\">Weiterlesen <span class=\"meta-nav\">&rarr;<\/span><\/a><\/p>\n","protected":false},"author":1,"featured_media":0,"parent":0,"menu_order":0,"comment_status":"closed","ping_status":"closed","template":"","meta":{"_mi_skip_tracking":false},"_links":{"self":[{"href":"https:\/\/www.freude-am-wohnen.at\/gelly\/wp-json\/wp\/v2\/pages\/12"}],"collection":[{"href":"https:\/\/www.freude-am-wohnen.at\/gelly\/wp-json\/wp\/v2\/pages"}],"about":[{"href":"https:\/\/www.freude-am-wohnen.at\/gelly\/wp-json\/wp\/v2\/types\/page"}],"author":[{"embeddable":true,"href":"https:\/\/www.freude-am-wohnen.at\/gelly\/wp-json\/wp\/v2\/users\/1"}],"replies":[{"embeddable":true,"href":"https:\/\/www.freude-am-wohnen.at\/gelly\/wp-json\/wp\/v2\/comments?post=12"}],"version-history":[{"count":16,"href":"https:\/\/www.freude-am-wohnen.at\/gelly\/wp-json\/wp\/v2\/pages\/12\/revisions"}],"predecessor-version":[{"id":3548,"href":"https:\/\/www.freude-am-wohnen.at\/gelly\/wp-json\/wp\/v2\/pages\/12\/revisions\/3548"}],"wp:attachment":[{"href":"https:\/\/www.freude-am-wohnen.at\/gelly\/wp-json\/wp\/v2\/media?parent=12"}],"curies":[{"name":"wp","href":"https:\/\/api.w.org\/{rel}","templated":true}]}}